{"id":14,"date":"2020-05-03T14:58:00","date_gmt":"2020-05-03T14:58:00","guid":{"rendered":"http:\/\/gotogreenflag.de\/?page_id=14"},"modified":"2020-05-04T10:52:49","modified_gmt":"2020-05-04T10:52:49","slug":"agb","status":"publish","type":"page","link":"http:\/\/gotogreenflag.de\/?page_id=14","title":{"rendered":"AGB"},"content":{"rendered":"\n<p><strong>Allgemeine Gesch\u00e4ftsbedingungen<\/strong><\/p>\n\n\n\n<p><strong>Fahnen Koch Coburger Fahnenfabrik Bayerische Flaggendruckerei<\/strong><\/p>\n\n\n\n<p><strong>Th\u00fcringer Fahnenfabrik GmbH<\/strong><\/p>\n\n\n\n<p>Coburg<\/p>\n\n\n\n<p><strong>I.<\/strong><\/p>\n\n\n\n<p><strong>Angebot<\/strong><\/p>\n\n\n\n<p><strong>1.&nbsp;&nbsp;&nbsp;&nbsp;&nbsp;&nbsp;&nbsp;&nbsp;&nbsp;&nbsp;&nbsp;&nbsp;&nbsp;&nbsp;&nbsp;&nbsp;&nbsp;&nbsp;<\/strong>Angebote&nbsp; sind,&nbsp; sofern&nbsp; sie&nbsp; nicht&nbsp; ausdr\u00fccklich&nbsp; als&nbsp; verbindlich&nbsp; be\u00adzeichnet&nbsp; werden,&nbsp; unverbindlich.&nbsp; Verkaufsberater&nbsp; und&nbsp; Vertreter&nbsp; oben benannten Firma (im folgenden Lieferer genannt) sind nur zur Entge\u00adgennahme und Vermittlung, nicht aber zum Abschluss von Vertr\u00e4gen be\u00adrechtigt.&nbsp; Vereinbarungen sind nur dann verbindlich,&nbsp; wenn diese&nbsp; vom Lieferer schriftlich best\u00e4tigt wurden.<\/p>\n\n\n\n<p><strong>2.&nbsp;&nbsp;&nbsp;&nbsp;&nbsp;&nbsp;&nbsp;&nbsp;&nbsp;&nbsp;&nbsp;&nbsp;&nbsp;&nbsp;&nbsp;&nbsp;&nbsp;&nbsp;<\/strong>An zu einem Angebot geh\u00f6renden Unterlagen wie Abbildungen,&nbsp; Zeich\u00adnungen, Entw\u00fcrfe usw. beh\u00e4lt sich der Lieferer das Eigentums \u2013 und Urheberrecht&nbsp; vor;&nbsp; diese&nbsp; Unterlagen&nbsp; d\u00fcrfen&nbsp; Dritten&nbsp; nicht&nbsp; zug\u00e4nglich gemacht werden oder auf sonstige Weise missbr\u00e4uchlich verwendet wer\u00adden.&nbsp; Wird&nbsp; der Auftrag nicht erteilt,&nbsp; so&nbsp; sind die&nbsp; kundenindividuell erstellten&nbsp; Unterlagen&nbsp; unaufgefordert&nbsp; und&nbsp; andere&nbsp; Unterlagen&nbsp; nach Aufforderung zur\u00fcckzusenden.<\/p>\n\n\n\n<p><strong>3.&nbsp;&nbsp;&nbsp;&nbsp;&nbsp;&nbsp;&nbsp;&nbsp;&nbsp;&nbsp;&nbsp;&nbsp;&nbsp;&nbsp;&nbsp;&nbsp;&nbsp;&nbsp;<\/strong>Angebote haben eine G\u00fcltigkeit von 60 Tagen, es sei denn sie wurden schriftlich auf einen entsprechenden Zeitraum best\u00e4tigt<\/p>\n\n\n\n<p><strong>II.<\/strong><\/p>\n\n\n\n<p><strong>Umfang der Lieferung<\/strong><\/p>\n\n\n\n<p>F\u00fcr&nbsp; den&nbsp; Umfang &nbsp;der&nbsp; Lieferung&nbsp; ist&nbsp; die&nbsp; schriftliche&nbsp; Auftragsbest\u00e4ti\u00adgung des Lieferers ma\u00dfgebend, im Falle eines Angebots des Lieferers mitzeitlicher Bindung und fristgem\u00e4\u00dfer Annahme das Angebot,&nbsp; sofern keine&nbsp;&nbsp; rechtzeitige&nbsp; Auftragsbest\u00e4tigung&nbsp; vorliegt.&nbsp;&nbsp; Nebenabreden&nbsp;&nbsp; und \u00c4nderungen&nbsp; bed\u00fcrfen&nbsp; der&nbsp; schriftlichen&nbsp; Best\u00e4tigung&nbsp; des&nbsp; Lieferers. Sowohl dem Angebot als auch der Auftragsbest\u00e4tigung des&nbsp; Lieferers liegen&nbsp; noch ausschlie\u00dflich&nbsp; die&nbsp; vorliegenden&nbsp; Allgemeinen&nbsp; Gesch\u00e4ftsbedingungen&nbsp; zugrunde,&nbsp; entgegenstehende&nbsp; Bedingungen&nbsp; des&nbsp; Bestellers werden nicht anerkannt.<\/p>\n\n\n\n<p><strong>III.<\/strong><\/p>\n\n\n\n<p><strong>Preis und Zahlung<\/strong><\/p>\n\n\n\n<ol><li>Die Lieferungen erfolgen ab Werk (siehe \u00a7V. Transportrisiko tr\u00e4gt der Besteller) , Verpackung und Fracht tr\u00e4gt&nbsp; der Besteller.&nbsp; Der&nbsp; Lieferer&nbsp; ist&nbsp; berechtigt,&nbsp; hierf\u00fcr&nbsp; Pauschalen&nbsp; zu&nbsp; berechnen.<\/li><li>Rechnungen des Lieferers werden acht Tage nach Rechnungsdatum zur Zahlung f\u00e4llig ohne Abzug. Bei unbarer Zahlung gilt die Zahlung mit dem Zugang auf dem Bankkonto des Lieferers als geleistet. Bei&nbsp; Zah\u00adlungsverzug werden Verzugszinsen in H\u00f6he von Kontokorrentzinsen der Gro\u00dfbanken berechnet.<\/li><li>Zur Aufrechnung oder Zur\u00fcckbehaltung des Kaufpreises ist der Besteller nur bei unbestrittenen&nbsp;&nbsp; oder rechtskr\u00e4ftig festgestellten Gegenanspr\u00fcchen des Bestellers berechtigt.<\/li><\/ol>\n\n\n\n<p><strong>IV.<\/strong><\/p>\n\n\n\n<p><strong>Lieferzeit<\/strong><\/p>\n\n\n\n<ol><li>Die &nbsp;Lieferfrist&nbsp; beginnt&nbsp; mit&nbsp; der&nbsp; Absendung&nbsp; der&nbsp; Auftragsbest\u00e4tigung, jedoch nicht vor der Beibringung der vom Besteller zu&nbsp; beschaffenden Unterlagen, Zeichnungen,&nbsp; Freigabeerkl\u00e4rung&nbsp; sowie vor&nbsp; Eingang&nbsp; einer vereinbarten Anzahlung.<\/li><li>Der&nbsp; vereinbarte&nbsp; Liefer-&nbsp; oder&nbsp; Fertigstellungstermin&nbsp; ist&nbsp; nur&nbsp; dann verbindlich,&nbsp; wenn&nbsp; der&nbsp; Lieferer&nbsp; ihn ausdr\u00fccklich&nbsp; als&nbsp; Festtermin&nbsp; best\u00e4tigt hat.<\/li><li>Wenn dem Besteller wegen einer Verz\u00f6gerung die infolge eigenen Ver\u00adschuldens des Lieferers entstanden ist,&nbsp; Schaden erw\u00e4chst, so ist der Besteller unter Ausschluss weiterer&nbsp; Anspr\u00fcche&nbsp; berechtigt, eine Ver\u00adzugsentsch\u00e4digung zu fordern. Sie betr\u00e4gt f\u00fcr jede volle Woche der Versp\u00e4tung 0,5 %, im Ganzen aber h\u00f6chstens 5 % vom Werte desjenigen Teils&nbsp; der&nbsp; Gesamtlieferung,&nbsp; der&nbsp; infolge&nbsp; der&nbsp; Versp\u00e4tung&nbsp; nicht&nbsp; rechtzeitig oder nicht vertragsgem\u00e4\u00df benutzt werden kann.<\/li><li>Wird der Versand auf Wunsch des Bestellers verz\u00f6gert, so werden ihm, beginnend&nbsp; einen&nbsp; Monat&nbsp; nach&nbsp; Anzeige&nbsp; der&nbsp; Versandbereitschaft,&nbsp; die durch die Lagerung entstehenden Kosten bei Lagerung im Werk&nbsp; des Lieferers mindestens jedoch 0,5&nbsp; %&nbsp; des Rechnungsbetrages f\u00fcr jeden Monat berechnet.&nbsp; Der&nbsp; Lieferer&nbsp; ist&nbsp; jedoch&nbsp; berechtigt,&nbsp; nach&nbsp; Setzung und&nbsp; fruchtlosem Verlauf&nbsp; einer&nbsp; angemessenen&nbsp; Frist anderweitig \u00fcber den Liefergegenstand zu verf\u00fcgen und den Besteller mit angemessener verl\u00e4ngerter Frist zu beliefern.<\/li><li>Die&nbsp; Einhaltung&nbsp; der Lieferfrist durch&nbsp; den&nbsp; Lieferer&nbsp; setzt&nbsp; die&nbsp; Erf\u00fcllung der Vertragspflichten des Bestellers voraus.<\/li><\/ol>\n\n\n\n<p><strong>V.<\/strong><\/p>\n\n\n\n<p><strong>Gefahr\u00fcbergang und Entgegennahmen<\/strong><\/p>\n\n\n\n<ol><li>Die Gefahr geht sp\u00e4testens mit der Absendung der Lieferteile auf den Besteller \u00fcber. Angelieferte Gegenst\u00e4nde sind, auch wenn sie unwesentliche M\u00e4ngel aufweisen, vom Besteller unbeschadet der Rechte aus&nbsp; Abschnitt&nbsp; VII entgegenzunehmen. Teillieferungen&nbsp; sind&nbsp; zul\u00e4ssig,&nbsp; die&nbsp; jeweils&nbsp; f\u00fcr&nbsp; sich&nbsp; zu&nbsp; Zahlungsverpflichtungen des Bestellers f\u00fchren.<\/li><li>Die Lieferung erfolgt auf eigene Gefahr des Bestellers ab Werk. Eine Transportversicherung liegt soweit vor, wie der Trasporteur diese f\u00fcr die jeweilige Sendung \u00fcbernimmt.<\/li><\/ol>\n\n\n\n<p><strong>VI.<\/strong><\/p>\n\n\n\n<p><strong>Eigentumsvorbehalt<\/strong><\/p>\n\n\n\n<ol><li>Der Lieferer beh\u00e4lt sich das Eigentum an dem Liefergegenstand bis zum Eingang aller Zahlungen aus dem Liefervertrag vor.<\/li><li>Der Besteller darf den Liefergegenstand weder verpf\u00e4nden noch zur Sicherung \u00fcbereignen. Bei Pf\u00e4ndungen sowie Beschlagnahme oder son\u00adstigen Verf\u00fcgung durch dritte Hand hat er den Lieferer unverz\u00fcglich davon zu benachrichtigen.<\/li><li>Bei vertragswidrigen Verhalten des Bestellers insbesondere bei Zahlungsverzug ist der Lieferer zur R\u00fccknahme nach Mahnung berech\u00adtigt und der Besteller zur Herausgabe verpflichtet.&nbsp;&nbsp;&nbsp; Die Geltendmachung des Eigentumsvorbehalts sowie die Pf\u00e4ndung des Liefergegenstandes durch den Lieferer gelten nicht als R\u00fccktritt vom Vertrag.<\/li><\/ol>\n\n\n\n<p><strong>VII.<\/strong><\/p>\n\n\n\n<p><strong>Haftung f\u00fcr M\u00e4ngel der Lieferung<\/strong><\/p>\n\n\n\n<ol><li>Bei&nbsp; der&nbsp; Herstellung&nbsp; von Artikeln&nbsp; verpflichtet&nbsp; sich der&nbsp; Lieferer&nbsp; zu hoher&nbsp; Qualit\u00e4tstreue.&nbsp; Der Lieferer muss&nbsp; sich jedoch&nbsp; geringe&nbsp; Abwei\u00adchungen in der Darstellung der Farbe und in der Abmessung bedingt durch die spezifischen technischen Bedingungen des Handwerkers vor\u00adbehalten.<\/li><li>Bei gelieferter Kundenware, die nicht vom Lieferanten stammen, kann keine Haftung \u00fcbernommen werden. Der Lieferant ist bem\u00fcht nach besten Wissen und Gewissen den Artikel umzusetzen.<\/li><li>Bei Druckwerkzeugen sind Toleranzen in den L\u00e4ngen und Breiten bis zu 10 % und bei Mehr- oder Minderlieferungen bis zu 15 % zul\u00e4ssig.<\/li><li>Beanstandungen&nbsp; m\u00fcssen&nbsp; sofort,&nbsp; sp\u00e4testens jedoch&nbsp; innerhalb&nbsp; von&nbsp; acht Tagen nach Erhalt der Ware schriftlich angezeigt&nbsp; werden,&nbsp; ansonsten ist der Lieferer von der M\u00e4ngelhaftung befreit.<\/li><li>Die Gew\u00e4hrleistung ist ausgeschlossen,&nbsp; wenn an der gelieferten Ware durch den Besteller \u00c4nderungen vorgenommen wurden oder die Ware in Gebrauch genommen worden ist.<\/li><li>Das Recht des Bestellers, Anspr\u00fcche aus M\u00e4ngeln geltend zu machen, verj\u00e4hrt in allen F\u00e4llen vom Zeitpunkt der rechtzeitigen R\u00fcge an in sechs Monaten.<\/li><li>Zur M\u00e4ngelbeseitigung hat der Besteller dem Werkunternehmer die nach billigem&nbsp; Ermessen&nbsp; erforderliche&nbsp; Zeit&nbsp; und&nbsp; Gelegenheit&nbsp; zu&nbsp; gew\u00e4hren. Der&nbsp; Besteller&nbsp; hat&nbsp; insbesondere&nbsp; den&nbsp; beanstandeten&nbsp; Gegenstand&nbsp; unver\u00adz\u00fcglich zur Verf\u00fcgung zu stellen. Stellt&nbsp; sich&nbsp; im Rahmen eines Gew\u00e4hrleistungsverlangens des&nbsp; Bestellers heraus, dass der beanstandete Mangel auf eine Ursache zur\u00fcckzuf\u00fchren ist,&nbsp; die&nbsp; der Werkunternehmer nicht zu vertreten hat,&nbsp; so&nbsp; wird&nbsp; der entstandene und belegte Aufwand dem Kunden in Rechnung&nbsp; gestellt.<\/li><\/ol>\n\n\n\n<p><strong>VIII.<\/strong><\/p>\n\n\n\n<p><strong>Recht des Bestellers auf R\u00fccktritt, Wandlung und sonstige Haftung des Lieferers<\/strong><\/p>\n\n\n\n<ol><li>Der Besteller kann vom Vertrag zur\u00fccktreten, wenn dem Lieferer die gesamte Leistung vor Gefahr\u00fcbergang endg\u00fcltig unm\u00f6glich wird.&nbsp; Dasselbe gilt bei Unverm\u00f6gen des Lieferers.<\/li><li>Liegt&nbsp; Leistungsverzug&nbsp; im&nbsp; Sinne&nbsp; des&nbsp; Abschnittes&nbsp; 4&nbsp; der&nbsp; Lieferbedingungen vor und gew\u00e4hrt der Besteller dem im Verzug&nbsp; befindlichen Lieferer&nbsp; eine&nbsp; angemessene&nbsp; Nachfrist&nbsp; mit&nbsp; der&nbsp; ausdr\u00fccklichen&nbsp; Erkl\u00e4rung, dass er nach Ablauf dieser Frist die Abnahme der Leistung ablehne,&nbsp; und&nbsp; wird diese Nachfrist nicht eingehalten, so&nbsp; ist&nbsp; der&nbsp; Be\u00adsteller zum R\u00fccktritt berechtigt.<\/li><li>Tritt die Unm\u00f6glichkeit der Leistung w\u00e4hrend eines&nbsp; Annahmeverzugs oder durch Verschulden des Bestellers ein, so bleibt dieser zur Gegenleistung verpflichtet.<\/li><li>Der Besteller hat ferner ein Recht zur R\u00fcckg\u00e4ngigmachung des Ver\u00adtrages,&nbsp; wenn der&nbsp; Lieferer&nbsp; eine&nbsp; ihm gestellte&nbsp; angemessene&nbsp; Nachfrist f\u00fcr die Ausbesserung oder Ersatzlieferung bez\u00fcglich eines von ihm zu vertretenen&nbsp; Mangels&nbsp; im&nbsp; Sinne&nbsp; der Lieferungsbedingungen durch&nbsp; sein Verschulden&nbsp; fruchtlos&nbsp; verstreichen&nbsp; l\u00e4sst.&nbsp; Das&nbsp; Recht&nbsp; des&nbsp; Bestellers auf R\u00fcckg\u00e4ngigmachung des Vertrages besteht auch in sonstigen F\u00e4llen des&nbsp; Fehlschlagens&nbsp; der&nbsp; Ausbesserung&nbsp; oder&nbsp; Ersatzlieferung&nbsp; durch&nbsp; den Lieferer.<\/li><li>Ausgeschlossen&nbsp; sind&nbsp; alle&nbsp; anderen weitergehenden Anspr\u00fcche&nbsp; des&nbsp; Be\u00adstellers,&nbsp; insbesondere&nbsp; auf K\u00fcndigung oder Minderung&nbsp; sowie&nbsp; auf Ersatz von Sch\u00e4den irgendwelcher Art und zwar auch von solchen Sch\u00e4\u00adden,&nbsp; die&nbsp; nicht&nbsp; an&nbsp; dem&nbsp; Liefergegenstand&nbsp; selbst&nbsp; entstanden&nbsp; sind. Dieser&nbsp; Haftungsausschluss&nbsp; gilt&nbsp; nicht&nbsp; bei&nbsp; Vorsatz,&nbsp; bei&nbsp; grober&nbsp; Fahrl\u00e4ssigkeit&nbsp; des&nbsp; Inhabers&nbsp; oder&nbsp; leitender Angestellter sowie bei schuldhafter Verletzung wesentlicher Vertragspflichten.<\/li><li>Bei&nbsp;&nbsp; schuldhafter&nbsp;&nbsp; Verletzung&nbsp;&nbsp; wesentlicher&nbsp;&nbsp; Vertragspflichten&nbsp;&nbsp; haftet der Lieferer au\u00dfer in den F\u00e4llen des Vorsatzes und der&nbsp; groben Fahrl\u00e4ssigkeit des Inhabers und leitender Angestellter nur f\u00fcr den vertragstypischen, vern\u00fcnftigerweise vorhersehbaren Schaden.<\/li><\/ol>\n\n\n\n<p><strong>IX.<\/strong><\/p>\n\n\n\n<p><strong>Gerichtsstand<\/strong><\/p>\n\n\n\n<p>Coburg<\/p>\n\n\n\n<p>Bei&nbsp; allen&nbsp; sich&nbsp; aus&nbsp; dem&nbsp; Vertragsverh\u00e4ltnis&nbsp; ergebenen&nbsp; Streitigkeiten ist,&nbsp; wenn&nbsp; der&nbsp; Besteller&nbsp; Vollkaufmann&nbsp; ist,&nbsp; eine&nbsp; juristische&nbsp; Person des&nbsp; \u00f6ffentlichen&nbsp; Rechts&nbsp; oder&nbsp; ein&nbsp; \u00f6ffentlichrechtliches&nbsp; Sonderver\u00adm\u00f6gen vorhanden ist, die Klage bei dem Gericht zu erheben, das f\u00fcr den&nbsp; Firmensitz&nbsp; des&nbsp; Lieferers&nbsp; zust\u00e4ndig&nbsp; ist.&nbsp; Der&nbsp; Lieferer&nbsp; ist&nbsp; auch berechtigt, am Hauptsitz des Bestellers zu klagen<\/p>\n\n\n\n<p>.<\/p>\n\n\n\n<p><strong>Fahnen Koch<\/strong><\/p>\n\n\n\n<p>Coburger Fahnenfabrik<\/p>\n\n\n\n<p>Bayerische Flaggendruckerei &nbsp;<\/p>\n\n\n\n<p><strong>Th\u00fcringer Fahnenfabrik GmbH<\/strong><\/p>\n","protected":false},"excerpt":{"rendered":"<p>Allgemeine Gesch\u00e4ftsbedingungen Fahnen Koch Coburger Fahnenfabrik Bayerische Flaggendruckerei Th\u00fcringer Fahnenfabrik GmbH Coburg I. Angebot 1.&nbsp;&nbsp;&nbsp;&nbsp;&nbsp;&nbsp;&nbsp;&nbsp;&nbsp;&nbsp;&nbsp;&nbsp;&nbsp;&nbsp;&nbsp;&nbsp;&nbsp;&nbsp;Angebote&nbsp; sind,&nbsp; sofern&nbsp; sie&nbsp; nicht&nbsp; ausdr\u00fccklich&nbsp; als&nbsp; verbindlich&nbsp; be\u00adzeichnet&nbsp; werden,&nbsp; unverbindlich.&nbsp; Verkaufsberater&nbsp; und&nbsp; Vertreter&nbsp; oben benannten Firma (im folgenden Lieferer genannt) sind nur zur Entge\u00adgennahme und Vermittlung, nicht aber zum Abschluss von Vertr\u00e4gen be\u00adrechtigt.&nbsp; Vereinbarungen sind nur dann verbindlich,&nbsp; wenn diese&nbsp; [&hellip;]<\/p>\n","protected":false},"author":1,"featured_media":0,"parent":0,"menu_order":0,"comment_status":"closed","ping_status":"closed","template":"template\/template-page-full-width.php","meta":{"_monsterinsights_skip_tracking":false,"_monsterinsights_sitenote_active":false,"_monsterinsights_sitenote_note":"","_monsterinsights_sitenote_category":0},"amp_enabled":false,"_links":{"self":[{"href":"http:\/\/gotogreenflag.de\/index.php?rest_route=\/wp\/v2\/pages\/14"}],"collection":[{"href":"http:\/\/gotogreenflag.de\/index.php?rest_route=\/wp\/v2\/pages"}],"about":[{"href":"http:\/\/gotogreenflag.de\/index.php?rest_route=\/wp\/v2\/types\/page"}],"author":[{"embeddable":true,"href":"http:\/\/gotogreenflag.de\/index.php?rest_route=\/wp\/v2\/users\/1"}],"replies":[{"embeddable":true,"href":"http:\/\/gotogreenflag.de\/index.php?rest_route=%2Fwp%2Fv2%2Fcomments&post=14"}],"version-history":[{"count":2,"href":"http:\/\/gotogreenflag.de\/index.php?rest_route=\/wp\/v2\/pages\/14\/revisions"}],"predecessor-version":[{"id":16,"href":"http:\/\/gotogreenflag.de\/index.php?rest_route=\/wp\/v2\/pages\/14\/revisions\/16"}],"wp:attachment":[{"href":"http:\/\/gotogreenflag.de\/index.php?rest_route=%2Fwp%2Fv2%2Fmedia&parent=14"}],"curies":[{"name":"wp","href":"https:\/\/api.w.org\/{rel}","templated":true}]}}