{"id":140,"date":"2020-06-04T14:22:28","date_gmt":"2020-06-04T14:22:28","guid":{"rendered":"http:\/\/gotogreenflag.de\/?page_id=140"},"modified":"2020-06-09T15:22:31","modified_gmt":"2020-06-09T15:22:31","slug":"die-ergebnisse","status":"publish","type":"page","link":"http:\/\/gotogreenflag.de\/?page_id=140","title":{"rendered":"Die Ergebnisse"},"content":{"rendered":"\n<p style=\"text-align:center\" class=\"has-text-color has-background has-large-font-size has-very-dark-gray-color has-very-light-gray-background-color\"><strong>Ein  Reinigen von Polyester galt bis lang als v\u00f6llig unm\u00f6glich!  <\/strong><\/p>\n\n\n\n<p><strong>\n\t\t\tErgebnis: <\/strong>\n\t\t\t<\/p>\n\n\n\n<p>\n\t\t\tDas Gewebe und das besondere \n\t\t\tDruckverfahren erm\u00f6glichen den Schmutzfilm von der Faser zu l\u00f6sen \n\t\t\tund somit erscheint der urspr\u00fcngliche Farbton in voller Brillanz \u2013<\/p>\n\n\n\n<h2>\n\t\t\tKeine \n\t\t\tFasersch\u00e4digung und kein Farbtonverlust &#8211; <\/h2>\n\n\n\n<p>Siehe Bildvergr\u00f6\u00dferung unten.<\/p>\n\n\n\n<p style=\"text-align:center\">\nHier \n\t\t\teine sieben (7) Jahre alte Fahne, auseinander geschnitten. ein Teil \n\t\t\tgereinigt zum Vergleich. Der Fahnenstoff ist noch in Ordnung, nur \n\t\t\tder Saumrand wurde nie nachgebessert. \n\n<\/p>\n\n\n\n<div class=\"wp-block-image\"><figure class=\"aligncenter is-resized\"><img decoding=\"async\" loading=\"lazy\" src=\"http:\/\/gotogreenflag.de\/wp-content\/uploads\/2020\/06\/RTEmagicC_Fahne-Vergleich-2-1024x659.jpg\" alt=\"\" class=\"wp-image-121\" width=\"740\" height=\"476\" srcset=\"http:\/\/gotogreenflag.de\/wp-content\/uploads\/2020\/06\/RTEmagicC_Fahne-Vergleich-2-1024x659.jpg 1024w, http:\/\/gotogreenflag.de\/wp-content\/uploads\/2020\/06\/RTEmagicC_Fahne-Vergleich-2-300x193.jpg 300w, http:\/\/gotogreenflag.de\/wp-content\/uploads\/2020\/06\/RTEmagicC_Fahne-Vergleich-2-768x494.jpg 768w, http:\/\/gotogreenflag.de\/wp-content\/uploads\/2020\/06\/RTEmagicC_Fahne-Vergleich-2.jpg 1984w\" sizes=\"(max-width: 740px) 100vw, 740px\" \/><\/figure><\/div>\n\n\n\n<p style=\"text-align:center\" class=\"has-text-color has-background has-medium-font-size has-very-dark-gray-color has-very-light-gray-background-color\"><strong>Der Erfolg des &#8222;Waschvorganges&#8220; wird hier noch einmal dokumentiert<\/strong><\/p>\n\n\n\n<figure class=\"wp-block-image is-resized\"><img decoding=\"async\" loading=\"lazy\" src=\"http:\/\/gotogreenflag.de\/wp-content\/uploads\/2020\/06\/RTEmagicC_Mustervergleich-1_01-780x1024.gif\" alt=\"\" class=\"wp-image-207\" width=\"704\" height=\"924\" srcset=\"http:\/\/gotogreenflag.de\/wp-content\/uploads\/2020\/06\/RTEmagicC_Mustervergleich-1_01-780x1024.gif 780w, http:\/\/gotogreenflag.de\/wp-content\/uploads\/2020\/06\/RTEmagicC_Mustervergleich-1_01-229x300.gif 229w, http:\/\/gotogreenflag.de\/wp-content\/uploads\/2020\/06\/RTEmagicC_Mustervergleich-1_01-768x1008.gif 768w\" sizes=\"(max-width: 704px) 100vw, 704px\" \/><\/figure>\n\n\n<p>.<\/p>\n<p>.<\/p>\n\n\n\n<p>.<\/p>\n<p>.<\/p>\n<p>.<\/p>\n<p><\/p>","protected":false},"excerpt":{"rendered":"<p>Ein Reinigen von Polyester galt bis lang als v\u00f6llig unm\u00f6glich! Ergebnis: Das Gewebe und das besondere Druckverfahren erm\u00f6glichen den Schmutzfilm von der Faser zu l\u00f6sen und somit erscheint der urspr\u00fcngliche Farbton in voller Brillanz \u2013 Keine Fasersch\u00e4digung und kein Farbtonverlust &#8211; Siehe Bildvergr\u00f6\u00dferung unten. Hier eine sieben (7) Jahre alte Fahne, auseinander geschnitten. ein Teil [&hellip;]<\/p>\n","protected":false},"author":1,"featured_media":0,"parent":0,"menu_order":0,"comment_status":"closed","ping_status":"closed","template":"template\/template-page-full-width.php","meta":{"_monsterinsights_skip_tracking":false,"_monsterinsights_sitenote_active":false,"_monsterinsights_sitenote_note":"","_monsterinsights_sitenote_category":0},"amp_enabled":false,"_links":{"self":[{"href":"http:\/\/gotogreenflag.de\/index.php?rest_route=\/wp\/v2\/pages\/140"}],"collection":[{"href":"http:\/\/gotogreenflag.de\/index.php?rest_route=\/wp\/v2\/pages"}],"about":[{"href":"http:\/\/gotogreenflag.de\/index.php?rest_route=\/wp\/v2\/types\/page"}],"author":[{"embeddable":true,"href":"http:\/\/gotogreenflag.de\/index.php?rest_route=\/wp\/v2\/users\/1"}],"replies":[{"embeddable":true,"href":"http:\/\/gotogreenflag.de\/index.php?rest_route=%2Fwp%2Fv2%2Fcomments&post=140"}],"version-history":[{"count":3,"href":"http:\/\/gotogreenflag.de\/index.php?rest_route=\/wp\/v2\/pages\/140\/revisions"}],"predecessor-version":[{"id":208,"href":"http:\/\/gotogreenflag.de\/index.php?rest_route=\/wp\/v2\/pages\/140\/revisions\/208"}],"wp:attachment":[{"href":"http:\/\/gotogreenflag.de\/index.php?rest_route=%2Fwp%2Fv2%2Fmedia&parent=140"}],"curies":[{"name":"wp","href":"https:\/\/api.w.org\/{rel}","templated":true}]}}