{"id":151,"date":"2020-06-04T14:27:07","date_gmt":"2020-06-04T14:27:07","guid":{"rendered":"http:\/\/gotogreenflag.de\/?page_id=151"},"modified":"2020-06-09T16:16:37","modified_gmt":"2020-06-09T16:16:37","slug":"zahlen-faktoren","status":"publish","type":"page","link":"http:\/\/gotogreenflag.de\/?page_id=151","title":{"rendered":"Zahlen"},"content":{"rendered":"\n<p><\/p>\n\n\n\n<p class=\"has-medium-font-size\"><strong> Angebotspreis  in Go to green Qualit\u00e4t<\/strong><\/p>\n\n\n\n<p>Art :&nbsp; &nbsp;&nbsp;  Flatterfahne (nach Standardregelwerk)&nbsp; Gr\u00f6\u00dfe: <strong> 150 cm x 400 cm<\/strong><\/p>\n\n\n\n<p>Menge \u00a0<strong>  250<\/strong> St\u00fcck \u00a0\u00a0\u00a0<\/p>\n\n\n\n<p><strong> 32,00 \u20ac<\/strong>  Einstellpreis per St\u00fcck je Motiv <\/p>\n\n\n\n<p>Das<strong>  Go to Green<\/strong> Cleaning  Reinigungskosten <strong>9,50  \u20ac<\/strong> mit Reparaturen je  St\u00fcck<\/p>\n\n\n\n<p>\nVariante a keine Reinigung<\/p>\n\n\n\n<p>Die Fahnen werden aufgeh\u00e4ngt und \n\t\t\tbleiben h\u00e4ngen und h\u00e4ngen und h\u00e4ngen&#8230;<\/p>\n\n\n\n<p>Man hat eine zus\u00e4tzliche \n\t\t\tEinsparungen durch die Nebenkosten f\u00fcr das Aufziehen einer Fahne:&nbsp;\n\t\t\tZeit : <strong>\n\t\t\t20,00 min\/St\u00fcck &nbsp;<\/strong>Lohn \n\t\t\t<strong>12,00 \u20ac\/h<\/strong><\/p>\n\n\n\n<p> Das  Halbjahr soll eine Periode der Haltbarkeit einer herk\u00f6mmlichen Fahne  bedeuten. Die Zeit ist immer abh\u00e4ngig vom Standort der Fahne und  reicht von \u00bd  bis zu 1 Jahr.<\/p>\n\n\n\n<div class=\"wp-block-image\"><figure class=\"aligncenter is-resized\"><img decoding=\"async\" loading=\"lazy\" src=\"http:\/\/gotogreenflag.de\/wp-content\/uploads\/2020\/06\/kostenvergleich-gotogreen-1024x375.png\" alt=\"\" class=\"wp-image-218\" width=\"768\" height=\"281\" srcset=\"http:\/\/gotogreenflag.de\/wp-content\/uploads\/2020\/06\/kostenvergleich-gotogreen-1024x375.png 1024w, http:\/\/gotogreenflag.de\/wp-content\/uploads\/2020\/06\/kostenvergleich-gotogreen-300x110.png 300w, http:\/\/gotogreenflag.de\/wp-content\/uploads\/2020\/06\/kostenvergleich-gotogreen-768x281.png 768w\" sizes=\"(max-width: 768px) 100vw, 768px\" \/><\/figure><\/div>\n\n\n<p>.<\/p>\n<p>.<\/p>\n<p><\/p>\n\n\n\n<p>.<\/p>\n<p>.<\/p>\n<p>..<\/p>\n<p><\/p>","protected":false},"excerpt":{"rendered":"<p>Angebotspreis in Go to green Qualit\u00e4t Art :&nbsp; &nbsp;&nbsp; Flatterfahne (nach Standardregelwerk)&nbsp; Gr\u00f6\u00dfe: 150 cm x 400 cm Menge \u00a0 250 St\u00fcck \u00a0\u00a0\u00a0 32,00 \u20ac Einstellpreis per St\u00fcck je Motiv Das Go to Green Cleaning Reinigungskosten 9,50 \u20ac mit Reparaturen je St\u00fcck Variante a keine Reinigung Die Fahnen werden aufgeh\u00e4ngt und bleiben h\u00e4ngen und h\u00e4ngen [&hellip;]<\/p>\n","protected":false},"author":1,"featured_media":0,"parent":0,"menu_order":0,"comment_status":"closed","ping_status":"closed","template":"template\/template-page-full-width.php","meta":{"_monsterinsights_skip_tracking":false,"_monsterinsights_sitenote_active":false,"_monsterinsights_sitenote_note":"","_monsterinsights_sitenote_category":0},"amp_enabled":false,"_links":{"self":[{"href":"http:\/\/gotogreenflag.de\/index.php?rest_route=\/wp\/v2\/pages\/151"}],"collection":[{"href":"http:\/\/gotogreenflag.de\/index.php?rest_route=\/wp\/v2\/pages"}],"about":[{"href":"http:\/\/gotogreenflag.de\/index.php?rest_route=\/wp\/v2\/types\/page"}],"author":[{"embeddable":true,"href":"http:\/\/gotogreenflag.de\/index.php?rest_route=\/wp\/v2\/users\/1"}],"replies":[{"embeddable":true,"href":"http:\/\/gotogreenflag.de\/index.php?rest_route=%2Fwp%2Fv2%2Fcomments&post=151"}],"version-history":[{"count":5,"href":"http:\/\/gotogreenflag.de\/index.php?rest_route=\/wp\/v2\/pages\/151\/revisions"}],"predecessor-version":[{"id":221,"href":"http:\/\/gotogreenflag.de\/index.php?rest_route=\/wp\/v2\/pages\/151\/revisions\/221"}],"wp:attachment":[{"href":"http:\/\/gotogreenflag.de\/index.php?rest_route=%2Fwp%2Fv2%2Fmedia&parent=151"}],"curies":[{"name":"wp","href":"https:\/\/api.w.org\/{rel}","templated":true}]}}