{"id":183,"date":"2020-06-09T12:01:44","date_gmt":"2020-06-09T12:01:44","guid":{"rendered":"http:\/\/gotogreenflag.de\/?page_id=183"},"modified":"2020-06-09T14:39:03","modified_gmt":"2020-06-09T14:39:03","slug":"grundlage","status":"publish","type":"page","link":"http:\/\/gotogreenflag.de\/?page_id=183","title":{"rendered":"Grundlage"},"content":{"rendered":"\n<div class=\"wp-block-cover aligncenter has-background-dim\" style=\"background-image:url(http:\/\/gotogreenflag.de\/wp-content\/uploads\/2020\/06\/Druck.jpg)\"><div class=\"wp-block-cover__inner-container\">\n<p style=\"font-size:70px;text-align:center\" class=\"has-text-color has-luminous-vivid-amber-color\"><strong>Die Grundlage<\/strong><\/p>\n<\/div><\/div>\n\n\n\n<p> Nach dem Motto: &#8222;Eine gute Fahne  h\u00e4lt lang, aber eine Go-to-green Fahne h\u00e4lt einfach l\u00e4nger!&#8220; <\/p>\n\n\n\n<div class=\"wp-block-image\"><figure class=\"aligncenter is-resized\"><img decoding=\"async\" loading=\"lazy\" src=\"http:\/\/gotogreenflag.de\/wp-content\/uploads\/2020\/06\/Leinenbindung.jpg\" alt=\"\" class=\"wp-image-189\" width=\"608\" height=\"460\" srcset=\"http:\/\/gotogreenflag.de\/wp-content\/uploads\/2020\/06\/Leinenbindung.jpg 477w, http:\/\/gotogreenflag.de\/wp-content\/uploads\/2020\/06\/Leinenbindung-300x227.jpg 300w\" sizes=\"(max-width: 608px) 100vw, 608px\" \/><\/figure><\/div>\n\n\n\n<p>Die heutige \n\t\t\t\tZeit ist auf eine Kurzlebigkeit eingestellt, sodass man schon \n\t\t\t\tvergessen hat, dass eine gute Qualit\u00e4t viel l\u00e4nger ihre Dienste \n\t\t\t\terwei\u00dft und dass man am Ende mit einer guten Qualit\u00e4t viel \n\t\t\t\tgespart hat. Nur gute und erfahrene Eink\u00e4ufer k\u00f6nnen dies \n\t\t\t\tbest\u00e4tigen.<\/p>\n\n\n\n<p><strong>Ein Fahnenstoff mit sehr hoher Haltbarkeit<\/strong> <\/p>\n\n\n\n<p><strong>\n\t\t\t\t\n\t\t\t\tPESKO2150 Webware 150g\/m\u00b2 &#8211; Go to green &#8211; 100% PES<\/strong> \n\t\t\t\t\u2013 Deutscher Ursprung \u2013<\/p>\n\n\n\n<p>\n\t\t\t\tRei\u00dffestigkeit in Kette \u00fcber 1200 N&nbsp; Weiterrei\u00dffestigkeit quer \n\t\t\t\tzur Kette \u00fcber120 N <\/p>\n\n\n\n<p> Rei\u00dffestigkeit in Schuss \u00fcber 1200 N&nbsp; Weiterrei\u00dffestigkeit quer  zum Schuss \u00fcber&nbsp; 120 N <\/p>\n\n\n\n<p>Dieser \n\t\t\t\tFahnenstoff ist f\u00fcr die Bundeswehr entwickelt worden, weil der \n\t\t\t\tBund&nbsp; eine 2-j\u00e4hrige Bindefrist \n\t\t\t\tauf die Haltbarkeit verlangt und wir erf\u00fcllen k\u00f6nnen.<\/p>\n\n\n\n<p><a href=\"\/?page_id=136\">&#8230; warum hebt sich dieser Fahnenstoff so  heraus?<\/a><\/p>\n\n\n<p>.<\/p>\n<p>.<\/p>\n\n\n\n<p>.<\/p>\n<p>.<\/p>\n<p>.<\/p>\n<p><\/p>","protected":false},"excerpt":{"rendered":"<p>Nach dem Motto: &#8222;Eine gute Fahne h\u00e4lt lang, aber eine Go-to-green Fahne h\u00e4lt einfach l\u00e4nger!&#8220; Die heutige Zeit ist auf eine Kurzlebigkeit eingestellt, sodass man schon vergessen hat, dass eine gute Qualit\u00e4t viel l\u00e4nger ihre Dienste erwei\u00dft und dass man am Ende mit einer guten Qualit\u00e4t viel gespart hat. Nur gute und erfahrene Eink\u00e4ufer k\u00f6nnen [&hellip;]<\/p>\n","protected":false},"author":1,"featured_media":0,"parent":0,"menu_order":0,"comment_status":"closed","ping_status":"closed","template":"template\/template-page-full-width.php","meta":{"_monsterinsights_skip_tracking":false,"_monsterinsights_sitenote_active":false,"_monsterinsights_sitenote_note":"","_monsterinsights_sitenote_category":0},"amp_enabled":false,"_links":{"self":[{"href":"http:\/\/gotogreenflag.de\/index.php?rest_route=\/wp\/v2\/pages\/183"}],"collection":[{"href":"http:\/\/gotogreenflag.de\/index.php?rest_route=\/wp\/v2\/pages"}],"about":[{"href":"http:\/\/gotogreenflag.de\/index.php?rest_route=\/wp\/v2\/types\/page"}],"author":[{"embeddable":true,"href":"http:\/\/gotogreenflag.de\/index.php?rest_route=\/wp\/v2\/users\/1"}],"replies":[{"embeddable":true,"href":"http:\/\/gotogreenflag.de\/index.php?rest_route=%2Fwp%2Fv2%2Fcomments&post=183"}],"version-history":[{"count":4,"href":"http:\/\/gotogreenflag.de\/index.php?rest_route=\/wp\/v2\/pages\/183\/revisions"}],"predecessor-version":[{"id":197,"href":"http:\/\/gotogreenflag.de\/index.php?rest_route=\/wp\/v2\/pages\/183\/revisions\/197"}],"wp:attachment":[{"href":"http:\/\/gotogreenflag.de\/index.php?rest_route=%2Fwp%2Fv2%2Fmedia&parent=183"}],"curies":[{"name":"wp","href":"https:\/\/api.w.org\/{rel}","templated":true}]}}