{"id":24,"date":"2020-05-03T15:21:09","date_gmt":"2020-05-03T15:21:09","guid":{"rendered":"http:\/\/gotogreenflag.de\/?page_id=24"},"modified":"2020-06-09T11:56:10","modified_gmt":"2020-06-09T11:56:10","slug":"kontakte","status":"publish","type":"page","link":"http:\/\/gotogreenflag.de\/?page_id=24","title":{"rendered":"Kontakt allgemein"},"content":{"rendered":"\n<div class=\"wp-block-cover aligncenter has-background-dim\" style=\"background-image:url(http:\/\/gotogreenflag.de\/wp-content\/uploads\/2020\/05\/Partner-2.jpg)\"><div class=\"wp-block-cover__inner-container\">\n<p style=\"font-size:70px;text-align:center\" class=\"has-text-color has-pale-cyan-blue-color\"><strong>Kontakte<\/strong><\/p>\n<\/div><\/div>\n\n\n<p>,<\/p>\n<p>,<\/p>\n\n<div id=\"pl-gb24-69f5bb1342ecc\"  class=\"panel-layout\" ><div id=\"pg-gb24-69f5bb1342ecc-0\"  class=\"panel-grid panel-no-style\" ><div id=\"pgc-gb24-69f5bb1342ecc-0-0\"  class=\"panel-grid-cell panel-grid-cell-empty\" ><\/div><div id=\"pgc-gb24-69f5bb1342ecc-0-1\"  class=\"panel-grid-cell panel-grid-cell-mobile-last\" ><div id=\"panel-gb24-69f5bb1342ecc-0-1-0\" class=\"so-panel widget widget_sow-editor panel-first-child panel-last-child\" data-index=\"0\" ><div\n\t\t\t\n\t\t\tclass=\"so-widget-sow-editor so-widget-sow-editor-base\"\n\t\t\t\n\t\t>\n<div class=\"siteorigin-widget-tinymce textwidget\">\n\t<form id=\"torro-form-103\" class=\"torro-form\" action=\"http:\/\/gotogreenflag.de\" method=\"post\" enctype=\"multipart\/form-data\" novalidate>\n\t\t\t\t<h2 class=\"torro-container-title\">Seite 1<\/h2>\n\n\t<p><span aria-hidden=\"true\">Erforderliche Felder sind wie folgt markiert <span class=\"torro-required-indicator\">*<\/span>.<\/span><\/p>\n\n\n\t<div id=\"torro-element-1-wrap\" class=\"torro-element-wrap\">\n\t\n\t<label id=\"torro-element-1-label\" class=\"torro-element-label\" for=\"torro-element-1\">\n\t\tFirmen- \/ Vereinsname \/ Privat\t\t<span class=\"screen-reader-text\">(erforderlich)<\/span><span class=\"torro-required-indicator\" aria-hidden=\"true\">*<\/span>\t<\/label>\n\n\t<div>\n\t\t\n\t\t<input id=\"torro-element-1\" name=\"torro_submission[values][1][_main]\" class=\"torro-element-input\" type=\"text\" aria-required=\"true\" required value=\"\">\n\n\t\t\t<\/div>\n\n\t<\/div>\n\t<div id=\"torro-element-2-wrap\" class=\"torro-element-wrap\">\n\t\n\t<label id=\"torro-element-2-label\" class=\"torro-element-label\" for=\"torro-element-2\">\n\t\tVor- und Nachname\t\t<span class=\"screen-reader-text\">(erforderlich)<\/span><span class=\"torro-required-indicator\" aria-hidden=\"true\">*<\/span>\t<\/label>\n\n\t<div>\n\t\t\n\t\t<input id=\"torro-element-2\" name=\"torro_submission[values][2][_main]\" class=\"torro-element-input\" type=\"text\" aria-required=\"true\" required value=\"\">\n\n\t\t\t<\/div>\n\n\t<\/div>\n\t<div id=\"torro-element-3-wrap\" class=\"torro-element-wrap\">\n\t\n\t<label id=\"torro-element-3-label\" class=\"torro-element-label\" for=\"torro-element-3\">\n\t\tStrasse Hausnummer \t\t<span class=\"screen-reader-text\">(erforderlich)<\/span><span class=\"torro-required-indicator\" aria-hidden=\"true\">*<\/span>\t<\/label>\n\n\t<div>\n\t\t\n\t\t<input id=\"torro-element-3\" name=\"torro_submission[values][3][_main]\" class=\"torro-element-input\" type=\"text\" aria-required=\"true\" required value=\"\">\n\n\t\t\t<\/div>\n\n\t<\/div>\n\t<div id=\"torro-element-4-wrap\" class=\"torro-element-wrap\">\n\t\n\t<label id=\"torro-element-4-label\" class=\"torro-element-label\" for=\"torro-element-4\">\n\t\tPLZ  \t\t<span class=\"screen-reader-text\">(erforderlich)<\/span><span class=\"torro-required-indicator\" aria-hidden=\"true\">*<\/span>\t<\/label>\n\n\t<div>\n\t\t\n\t\t<input id=\"torro-element-4\" name=\"torro_submission[values][4][_main]\" class=\"torro-element-input\" type=\"text\" aria-required=\"true\" required value=\"\">\n\n\t\t\t<\/div>\n\n\t<\/div>\n\t<div id=\"torro-element-5-wrap\" class=\"torro-element-wrap\">\n\t\n\t<label id=\"torro-element-5-label\" class=\"torro-element-label\" for=\"torro-element-5\">\n\t\tOrt\t\t<span class=\"screen-reader-text\">(erforderlich)<\/span><span class=\"torro-required-indicator\" aria-hidden=\"true\">*<\/span>\t<\/label>\n\n\t<div>\n\t\t\n\t\t<input id=\"torro-element-5\" name=\"torro_submission[values][5][_main]\" class=\"torro-element-input\" type=\"text\" aria-required=\"true\" required value=\"\">\n\n\t\t\t<\/div>\n\n\t<\/div>\n\t<div id=\"torro-element-6-wrap\" class=\"torro-element-wrap\">\n\t\n\t<label id=\"torro-element-6-label\" class=\"torro-element-label\" for=\"torro-element-6\">\n\t\tEmail-Adresse \t\t<span class=\"screen-reader-text\">(erforderlich)<\/span><span class=\"torro-required-indicator\" aria-hidden=\"true\">*<\/span>\t<\/label>\n\n\t<div>\n\t\t\n\t\t<input id=\"torro-element-6\" name=\"torro_submission[values][6][_main]\" class=\"torro-element-input\" type=\"email\" aria-required=\"true\" required value=\"\">\n\n\t\t\t<\/div>\n\n\t<\/div>\n\t<div id=\"torro-element-7-wrap\" class=\"torro-element-wrap\">\n\t\n\t<label id=\"torro-element-7-label\" class=\"torro-element-label\" for=\"torro-element-7\">\n\t\tTelefonnummer\t\t<span class=\"screen-reader-text\">(erforderlich)<\/span><span class=\"torro-required-indicator\" aria-hidden=\"true\">*<\/span>\t<\/label>\n\n\t<div>\n\t\t\n\t\t<input id=\"torro-element-7\" name=\"torro_submission[values][7][_main]\" class=\"torro-element-input\" type=\"text\" aria-required=\"true\" required value=\"\">\n\n\t\t\t<\/div>\n\n\t<\/div>\n\t<div id=\"torro-element-8-wrap\" class=\"torro-element-wrap\">\n\t\n\t<div>\n\t\t<input type=\"checkbox\" id=\"torro-element-8\" name=\"torro_submission[values][8][_main]\" class=\"torro-element-input\" value=\"1\">\n\n\t\t<label id=\"torro-element-8-label\" class=\"torro-element-label\" for=\"torro-element-8\">\n\t\t\tStickerei\t\t\t\t\t<\/label>\n\n\t\t\n\t\t\t<\/div>\n\n\t<\/div>\n\t<div id=\"torro-element-9-wrap\" class=\"torro-element-wrap\">\n\t\n\t<div>\n\t\t<input type=\"checkbox\" id=\"torro-element-9\" name=\"torro_submission[values][9][_main]\" class=\"torro-element-input\" value=\"1\">\n\n\t\t<label id=\"torro-element-9-label\" class=\"torro-element-label\" for=\"torro-element-9\">\n\t\t\tDruckerei\t\t\t\t\t<\/label>\n\n\t\t\n\t\t\t<\/div>\n\n\t<\/div>\n\t<div id=\"torro-element-10-wrap\" class=\"torro-element-wrap\">\n\t\n\t<label id=\"torro-element-10-label\" class=\"torro-element-label\" for=\"torro-element-10\">\n\t\tDie gew\u00fcnschten Gr\u00f6\u00dfen in cm\t\t<span class=\"screen-reader-text\">(erforderlich)<\/span><span class=\"torro-required-indicator\" aria-hidden=\"true\">*<\/span>\t<\/label>\n\n\t<div>\n\t\t\n\t\t<input id=\"torro-element-10\" name=\"torro_submission[values][10][_main]\" class=\"torro-element-input\" type=\"text\" placeholder=\"zB. 120x300 \" aria-required=\"true\" required value=\"\">\n\n\t\t\t<\/div>\n\n\t<\/div>\n\t<div id=\"torro-element-11-wrap\" class=\"torro-element-wrap\">\n\t\n\t<label id=\"torro-element-11-label\" class=\"torro-element-label\" for=\"torro-element-11\">\n\t\tGew\u00fcnschte St\u00fcckzahlen\t\t<span class=\"screen-reader-text\">(erforderlich)<\/span><span class=\"torro-required-indicator\" aria-hidden=\"true\">*<\/span>\t<\/label>\n\n\t<div>\n\t\t\n\t\t<input id=\"torro-element-11\" name=\"torro_submission[values][11][_main]\" class=\"torro-element-input\" type=\"text\" placeholder=\"1-5 St\u00fcck\" aria-required=\"true\" required value=\"\">\n\n\t\t\t<\/div>\n\n\t<\/div>\n\t<div id=\"torro-element-12-wrap\" class=\"torro-element-wrap\">\n\t\n\t<label id=\"torro-element-12-label\" class=\"torro-element-label\" for=\"torro-element-12\">\n\t\tBeschreibung:\t\t<span class=\"screen-reader-text\">(erforderlich)<\/span><span class=\"torro-required-indicator\" aria-hidden=\"true\">*<\/span>\t<\/label>\n\n\t<div>\n\t\t\n\t\t<textarea id=\"torro-element-12\" name=\"torro_submission[values][12][_main]\" class=\"torro-element-input\" rows=\"10\" cols=\"45\" aria-required=\"true\" required><\/textarea>\n\n\t\t\t<\/div>\n\n\t<\/div>\n\t<div id=\"torro-element-13-wrap\" class=\"torro-element-wrap\">\n\t\n\t<label id=\"torro-element-13-label\" class=\"torro-element-label\" for=\"torro-element-13\">\n\t\t1. M\u00f6glichkeit eine Datei zu senden\t\t\t<\/label>\n\n\t<div>\n\t\t\n\t\t<input type=\"file\" id=\"torro-element-13\" name=\"torro_media_upload_13__main\" class=\"torro-element-input\">\n\n\t\t<input type=\"hidden\" name=\"torro_submission[values][13][_main]\" value=\"0\">\n\n\t\t\n\t\t\t<\/div>\n\n\t<\/div>\n\t<div id=\"torro-element-14-wrap\" class=\"torro-element-wrap\">\n\t\n\t<label id=\"torro-element-14-label\" class=\"torro-element-label\" for=\"torro-element-14\">\n\t\t2. M\u00f6glichkeit eine Datei zu senden\t\t\t<\/label>\n\n\t<div>\n\t\t\n\t\t<input type=\"file\" id=\"torro-element-14\" name=\"torro_media_upload_14__main\" class=\"torro-element-input\">\n\n\t\t<input type=\"hidden\" name=\"torro_submission[values][14][_main]\" value=\"0\">\n\n\t\t\n\t\t\t<\/div>\n\n\t<\/div>\n\t<div id=\"torro-element-15-wrap\" class=\"torro-element-wrap\">\n\t\n\t<label id=\"torro-element-15-label\" class=\"torro-element-label\" for=\"torro-element-15\">\n\t\tWie viel darf es kosten in Euro Netto? \t\t<span class=\"screen-reader-text\">(erforderlich)<\/span><span class=\"torro-required-indicator\" aria-hidden=\"true\">*<\/span>\t<\/label>\n\n\t<div>\n\t\t\n\t\t<input id=\"torro-element-15\" name=\"torro_submission[values][15][_main]\" class=\"torro-element-input\" type=\"text\" aria-required=\"true\" required value=\"\">\n\n\t\t\t<\/div>\n\n\t<\/div>\n\n\t\n\t\t\t\t\t<div class=\"torro-recaptcha torro-element-wrap\">\n\t\t\t<div id=\"recaptcha-placeholder-103\" class=\"torro-recaptcha-placeholder\" data-form-id=\"103\" data-sitekey=\"6LcjP_IUAAAAALCNCnmHY6pj8KJkF_BMi66-nw1j\" data-type=\"image\" data-size=\"normal\" data-theme=\"light\"><\/div>\n\t\t<\/div>\n\t\t\t\n\t<div class=\"torro-pager\">\n\t\t\n\t\t\t\t\t<div class=\"next\">\n\t\t\t\t<button type=\"submit\" name=\"torro_submission[action]\" value=\"submit\" class=\"torro-button torro-button-primary\">Senden<\/button>\n\t\t\t<\/div>\n\t\t\t<\/div>\n\n\t\n\t<input type=\"hidden\" name=\"torro_submission[nonce]\" value=\"04307b2e2b\"><input type=\"hidden\" name=\"torro_submission[form_id]\" value=\"103\"><\/form>\n\n<\/div>\n<\/div><\/div><\/div><div id=\"pgc-gb24-69f5bb1342ecc-0-2\"  class=\"panel-grid-cell panel-grid-cell-empty\" ><\/div><\/div><\/div>\n\n<p>.<\/p>\n<p>.<\/p>\n<p><\/p>\n\n\n\n<p>.<\/p>\n<p>.<\/p>\n<p>.<\/p>\n<p><\/p>","protected":false},"excerpt":{"rendered":"<p>, , . . . . .<\/p>\n","protected":false},"author":1,"featured_media":0,"parent":0,"menu_order":0,"comment_status":"closed","ping_status":"closed","template":"template\/template-page-full-width.php","meta":{"_monsterinsights_skip_tracking":false,"_monsterinsights_sitenote_active":false,"_monsterinsights_sitenote_note":"","_monsterinsights_sitenote_category":0},"amp_enabled":false,"_links":{"self":[{"href":"http:\/\/gotogreenflag.de\/index.php?rest_route=\/wp\/v2\/pages\/24"}],"collection":[{"href":"http:\/\/gotogreenflag.de\/index.php?rest_route=\/wp\/v2\/pages"}],"about":[{"href":"http:\/\/gotogreenflag.de\/index.php?rest_route=\/wp\/v2\/types\/page"}],"author":[{"embeddable":true,"href":"http:\/\/gotogreenflag.de\/index.php?rest_route=\/wp\/v2\/users\/1"}],"replies":[{"embeddable":true,"href":"http:\/\/gotogreenflag.de\/index.php?rest_route=%2Fwp%2Fv2%2Fcomments&post=24"}],"version-history":[{"count":6,"href":"http:\/\/gotogreenflag.de\/index.php?rest_route=\/wp\/v2\/pages\/24\/revisions"}],"predecessor-version":[{"id":181,"href":"http:\/\/gotogreenflag.de\/index.php?rest_route=\/wp\/v2\/pages\/24\/revisions\/181"}],"wp:attachment":[{"href":"http:\/\/gotogreenflag.de\/index.php?rest_route=%2Fwp%2Fv2%2Fmedia&parent=24"}],"curies":[{"name":"wp","href":"https:\/\/api.w.org\/{rel}","templated":true}]}}